{"id":954,"date":"2021-03-22T12:07:18","date_gmt":"2021-03-22T12:07:18","guid":{"rendered":"https:\/\/stage.startertemplatecloud.com\/g08\/?page_id=954"},"modified":"2023-10-11T09:00:51","modified_gmt":"2023-10-11T09:00:51","slug":"contacto","status":"publish","type":"page","link":"https:\/\/boccone.misterlo.com\/?page_id=954","title":{"rendered":"Contacto"},"content":{"rendered":"<style>.kb-row-layout-id954_1bf467-30 > .kt-row-column-wrap{align-content:center;}:where(.kb-row-layout-id954_1bf467-30 > .kt-row-column-wrap) > .wp-block-kadence-column{justify-content:center;}.kb-row-layout-id954_1bf467-30 > .kt-row-column-wrap{column-gap:var(--global-kb-gap-none, 0rem );row-gap:var(--global-kb-gap-none, 0rem );max-width:1140px;margin-left:auto;margin-right:auto;padding-top:80px;padding-right:0px;padding-bottom:70px;padding-left:0px;grid-template-columns:minmax(0, 1fr);}.kb-row-layout-id954_1bf467-30 > .kt-row-layout-overlay{opacity:0.30;}@media all and (max-width: 1024px){.kb-row-layout-wrap.wp-block-kadence-rowlayout.kb-row-layout-id954_1bf467-30{margin-top:0px;margin-bottom:4px;}}@media all and (max-width: 1024px){.kb-row-layout-id954_1bf467-30 > .kt-row-column-wrap{padding-top:60px;padding-right:40px;padding-bottom:0px;padding-left:40px;grid-template-columns:minmax(0, 1fr);}}@media all and (max-width: 767px){.kb-row-layout-id954_1bf467-30 > .kt-row-column-wrap{padding-top:60px;padding-right:0px;padding-bottom:0px;padding-left:0px;grid-template-columns:minmax(0, 1fr);}}<\/style><div class=\"kb-row-layout-wrap kb-row-layout-id954_1bf467-30 alignnone wp-block-kadence-rowlayout\"><div class=\"kt-row-column-wrap kt-has-1-columns kt-row-layout-equal kt-tab-layout-inherit kt-mobile-layout-row kt-row-valign-middle\">\n<style>.kadence-column954_4992b9-57 > .kt-inside-inner-col,.kadence-column954_4992b9-57 > .kt-inside-inner-col:before{border-top-left-radius:0px;border-top-right-radius:0px;border-bottom-right-radius:0px;border-bottom-left-radius:0px;}.kadence-column954_4992b9-57 > .kt-inside-inner-col{column-gap:var(--global-kb-gap-sm, 1rem);}.kadence-column954_4992b9-57 > .kt-inside-inner-col{flex-direction:column;}.kadence-column954_4992b9-57 > .kt-inside-inner-col > .aligncenter{width:100%;}.kadence-column954_4992b9-57 > .kt-inside-inner-col:before{opacity:0.3;}.kadence-column954_4992b9-57{position:relative;}@media all and (max-width: 1024px){.kadence-column954_4992b9-57 > .kt-inside-inner-col{flex-direction:column;justify-content:center;}}@media all and (max-width: 767px){.kadence-column954_4992b9-57 > .kt-inside-inner-col{flex-direction:column;justify-content:center;}}<\/style>\n<div class=\"wp-block-kadence-column kadence-column954_4992b9-57 inner-column-1\"><div class=\"kt-inside-inner-col\"><style>.kb-row-layout-wrap.wp-block-kadence-rowlayout.kb-row-layout-id954_b36c1f-b3{margin-top:0px;margin-bottom:0px;}.kb-row-layout-id954_b36c1f-b3 > .kt-row-column-wrap{align-content:start;}:where(.kb-row-layout-id954_b36c1f-b3 > .kt-row-column-wrap) > .wp-block-kadence-column{justify-content:start;}.kb-row-layout-id954_b36c1f-b3 > .kt-row-column-wrap{column-gap:var(--global-kb-gap-none, 0rem );row-gap:var(--global-kb-gap-md, 2rem);max-width:1140px;margin-left:auto;margin-right:auto;padding-top:0px;padding-right:0px;padding-bottom:0px;padding-left:0px;grid-template-columns:minmax(0, 1fr);}.kb-row-layout-id954_b36c1f-b3 > .kt-row-layout-overlay{opacity:0.30;}@media all and (max-width: 1024px){.kb-row-layout-wrap.wp-block-kadence-rowlayout.kb-row-layout-id954_b36c1f-b3{margin-top:0px;margin-bottom:0px;}}@media all and (max-width: 1024px){.kb-row-layout-id954_b36c1f-b3 > .kt-row-column-wrap{padding-top:30px;padding-right:0px;padding-bottom:0px;padding-left:0px;grid-template-columns:minmax(0, 1fr);}}@media all and (max-width: 767px){.kb-row-layout-id954_b36c1f-b3 > .kt-row-column-wrap{grid-template-columns:minmax(0, 1fr);}}<\/style><div class=\"kb-row-layout-wrap kb-row-layout-id954_b36c1f-b3 alignnone wp-block-kadence-rowlayout\"><div class=\"kt-row-column-wrap kt-has-1-columns kt-row-layout-equal kt-tab-layout-inherit kt-mobile-layout-row kt-row-valign-top\">\n<style>.kadence-column954_42e221-28 > .kt-inside-inner-col{padding-top:10px;padding-right:10px;padding-bottom:10px;padding-left:10px;}.kadence-column954_42e221-28 > .kt-inside-inner-col{border-right:1px solid var(--global-palette7, #EDF2F7);}.kadence-column954_42e221-28 > .kt-inside-inner-col,.kadence-column954_42e221-28 > .kt-inside-inner-col:before{border-top-left-radius:0px;border-top-right-radius:0px;border-bottom-right-radius:0px;border-bottom-left-radius:0px;}.kadence-column954_42e221-28 > .kt-inside-inner-col{column-gap:var(--global-kb-gap-sm, 1rem);}.kadence-column954_42e221-28 > .kt-inside-inner-col{flex-direction:column;}.kadence-column954_42e221-28 > .kt-inside-inner-col > .aligncenter{width:100%;}.kadence-column954_42e221-28 > .kt-inside-inner-col:before{opacity:0.3;}.kadence-column954_42e221-28{position:relative;}@media all and (max-width: 1024px){.kadence-column954_42e221-28 > .kt-inside-inner-col{border-right:1px solid var(--global-palette7, #EDF2F7);flex-direction:column;justify-content:center;}}@media all and (max-width: 767px){.kadence-column954_42e221-28 > .kt-inside-inner-col{border-right:1px solid var(--global-palette7, #EDF2F7);flex-direction:column;justify-content:center;}}<\/style>\n<div class=\"wp-block-kadence-column kadence-column954_42e221-28 inner-column-2\"><div class=\"kt-inside-inner-col\"><style>.wp-block-kadence-advancedheading.kt-adv-heading954_8e3d43-88, .wp-block-kadence-advancedheading.kt-adv-heading954_8e3d43-88[data-kb-block=\"kb-adv-heading954_8e3d43-88\"]{margin-bottom:28px;text-align:center;font-size:16px;line-height:16px;font-style:normal;}.wp-block-kadence-advancedheading.kt-adv-heading954_8e3d43-88 mark.kt-highlight, .wp-block-kadence-advancedheading.kt-adv-heading954_8e3d43-88[data-kb-block=\"kb-adv-heading954_8e3d43-88\"] mark.kt-highlight{font-style:normal;color:#f76a0c;-webkit-box-decoration-break:clone;box-decoration-break:clone;padding-top:0px;padding-right:0px;padding-bottom:0px;padding-left:0px;}.wp-block-kadence-advancedheading.kt-adv-heading954_8e3d43-88 img.kb-inline-image, .wp-block-kadence-advancedheading.kt-adv-heading954_8e3d43-88[data-kb-block=\"kb-adv-heading954_8e3d43-88\"] img.kb-inline-image{width:150px;vertical-align:baseline;}<\/style>\n<h6 class=\"kt-adv-heading954_8e3d43-88 wp-block-kadence-advancedheading has-theme-palette-1-color has-text-color\" data-kb-block=\"kb-adv-heading954_8e3d43-88\">MADRID<\/h6>\n\n\n<style>.wp-block-kadence-advancedheading.kt-adv-heading954_46b131-05, .wp-block-kadence-advancedheading.kt-adv-heading954_46b131-05[data-kb-block=\"kb-adv-heading954_46b131-05\"]{margin-top:0px;margin-right:0px;margin-bottom:0px;margin-left:0px;text-align:center;font-style:normal;letter-spacing:3px;}.wp-block-kadence-advancedheading.kt-adv-heading954_46b131-05 mark.kt-highlight, .wp-block-kadence-advancedheading.kt-adv-heading954_46b131-05[data-kb-block=\"kb-adv-heading954_46b131-05\"] mark.kt-highlight{font-style:normal;color:#f76a0c;-webkit-box-decoration-break:clone;box-decoration-break:clone;padding-top:0px;padding-right:0px;padding-bottom:0px;padding-left:0px;}.wp-block-kadence-advancedheading.kt-adv-heading954_46b131-05 img.kb-inline-image, .wp-block-kadence-advancedheading.kt-adv-heading954_46b131-05[data-kb-block=\"kb-adv-heading954_46b131-05\"] img.kb-inline-image{width:150px;vertical-align:baseline;}<\/style>\n<p class=\"kt-adv-heading954_46b131-05 wp-block-kadence-advancedheading\" data-kb-block=\"kb-adv-heading954_46b131-05\">C\/ JUAN DE MARIANA, 4<\/p>\n\n\n<style>.wp-block-kadence-advancedheading.kt-adv-heading954_d48fcc-e3, .wp-block-kadence-advancedheading.kt-adv-heading954_d48fcc-e3[data-kb-block=\"kb-adv-heading954_d48fcc-e3\"]{margin-top:0px;margin-right:0px;margin-bottom:0px;margin-left:0px;text-align:center;font-style:normal;letter-spacing:3px;}.wp-block-kadence-advancedheading.kt-adv-heading954_d48fcc-e3 mark.kt-highlight, .wp-block-kadence-advancedheading.kt-adv-heading954_d48fcc-e3[data-kb-block=\"kb-adv-heading954_d48fcc-e3\"] mark.kt-highlight{font-style:normal;color:#f76a0c;-webkit-box-decoration-break:clone;box-decoration-break:clone;padding-top:0px;padding-right:0px;padding-bottom:0px;padding-left:0px;}.wp-block-kadence-advancedheading.kt-adv-heading954_d48fcc-e3 img.kb-inline-image, .wp-block-kadence-advancedheading.kt-adv-heading954_d48fcc-e3[data-kb-block=\"kb-adv-heading954_d48fcc-e3\"] img.kb-inline-image{width:150px;vertical-align:baseline;}<\/style>\n<p class=\"kt-adv-heading954_d48fcc-e3 wp-block-kadence-advancedheading\" data-kb-block=\"kb-adv-heading954_d48fcc-e3\">+34 91 539 13 02 <\/p>\n\n\n<style>.wp-block-kadence-advancedheading.kt-adv-heading954_0dcd37-0b, .wp-block-kadence-advancedheading.kt-adv-heading954_0dcd37-0b[data-kb-block=\"kb-adv-heading954_0dcd37-0b\"]{margin-top:0px;margin-right:0px;margin-bottom:0px;margin-left:0px;text-align:center;font-style:normal;}.wp-block-kadence-advancedheading.kt-adv-heading954_0dcd37-0b mark.kt-highlight, .wp-block-kadence-advancedheading.kt-adv-heading954_0dcd37-0b[data-kb-block=\"kb-adv-heading954_0dcd37-0b\"] mark.kt-highlight{font-style:normal;color:#f76a0c;-webkit-box-decoration-break:clone;box-decoration-break:clone;padding-top:0px;padding-right:0px;padding-bottom:0px;padding-left:0px;}.wp-block-kadence-advancedheading.kt-adv-heading954_0dcd37-0b img.kb-inline-image, .wp-block-kadence-advancedheading.kt-adv-heading954_0dcd37-0b[data-kb-block=\"kb-adv-heading954_0dcd37-0b\"] img.kb-inline-image{width:150px;vertical-align:baseline;}<\/style>\n<p class=\"kt-adv-heading954_0dcd37-0b wp-block-kadence-advancedheading\" data-kb-block=\"kb-adv-heading954_0dcd37-0b\">info@boccone.es<\/p>\n<\/div><\/div>\n\n<\/div><\/div>\n\n<style>.kb-row-layout-wrap.wp-block-kadence-rowlayout.kb-row-layout-id954_bc24cf-d7{margin-top:110px;margin-bottom:0px;}.kb-row-layout-id954_bc24cf-d7 > .kt-row-column-wrap{align-content:start;}:where(.kb-row-layout-id954_bc24cf-d7 > .kt-row-column-wrap) > .wp-block-kadence-column{justify-content:start;}.kb-row-layout-id954_bc24cf-d7 > .kt-row-column-wrap{column-gap:var(--global-kb-gap-none, 0rem );row-gap:var(--global-kb-gap-none, 0rem );max-width:1140px;margin-left:auto;margin-right:auto;padding-top:0px;padding-right:0px;padding-bottom:0px;padding-left:0px;grid-template-columns:repeat(2, minmax(0, 1fr));}.kb-row-layout-id954_bc24cf-d7 > .kt-row-layout-overlay{opacity:0.30;}@media all and (max-width: 1024px){.kb-row-layout-wrap.wp-block-kadence-rowlayout.kb-row-layout-id954_bc24cf-d7{margin-top:70px;margin-bottom:0px;}}@media all and (max-width: 1024px){.kb-row-layout-id954_bc24cf-d7 > .kt-row-column-wrap{grid-template-columns:minmax(0, 1fr);}}@media all and (max-width: 767px){.kb-row-layout-id954_bc24cf-d7 > .kt-row-column-wrap{padding-top:0px;padding-right:15px;padding-bottom:0px;padding-left:15px;grid-template-columns:minmax(0, 1fr);}}<\/style><div class=\"kb-row-layout-wrap kb-row-layout-id954_bc24cf-d7 alignnone wp-block-kadence-rowlayout\"><div class=\"kt-row-column-wrap kt-has-2-columns kt-row-layout-equal kt-tab-layout-row kt-mobile-layout-row kt-row-valign-top\">\n<style>.kadence-column954_f391cf-ad > .kt-inside-inner-col{padding-top:10px;padding-right:10px;padding-bottom:10px;padding-left:10px;}.kadence-column954_f391cf-ad > .kt-inside-inner-col,.kadence-column954_f391cf-ad > .kt-inside-inner-col:before{border-top-left-radius:0px;border-top-right-radius:0px;border-bottom-right-radius:0px;border-bottom-left-radius:0px;}.kadence-column954_f391cf-ad > .kt-inside-inner-col{column-gap:var(--global-kb-gap-sm, 1rem);}.kadence-column954_f391cf-ad > .kt-inside-inner-col{flex-direction:column;}.kadence-column954_f391cf-ad > .kt-inside-inner-col > .aligncenter{width:100%;}.kadence-column954_f391cf-ad > .kt-inside-inner-col:before{opacity:0.3;}.kadence-column954_f391cf-ad{position:relative;}.kadence-column954_f391cf-ad, .kt-inside-inner-col > .kadence-column954_f391cf-ad:not(.specificity){margin-top:0px;margin-right:60px;margin-bottom:0px;margin-left:0px;}@media all and (max-width: 1024px){.kadence-column954_f391cf-ad > .kt-inside-inner-col{flex-direction:column;justify-content:center;}}@media all and (max-width: 1024px){.kadence-column954_f391cf-ad, .kt-inside-inner-col > .kadence-column954_f391cf-ad:not(.specificity){margin-top:0px;margin-right:0px;margin-bottom:0px;margin-left:0px;}}@media all and (max-width: 767px){.kadence-column954_f391cf-ad > .kt-inside-inner-col{flex-direction:column;justify-content:center;}}<\/style>\n<div class=\"wp-block-kadence-column kadence-column954_f391cf-ad inner-column-1\"><div class=\"kt-inside-inner-col\"><style>.wp-block-kadence-advancedheading.kt-adv-heading954_65b3c3-75, .wp-block-kadence-advancedheading.kt-adv-heading954_65b3c3-75[data-kb-block=\"kb-adv-heading954_65b3c3-75\"]{margin-bottom:28px;font-style:normal;}.wp-block-kadence-advancedheading.kt-adv-heading954_65b3c3-75 mark.kt-highlight, .wp-block-kadence-advancedheading.kt-adv-heading954_65b3c3-75[data-kb-block=\"kb-adv-heading954_65b3c3-75\"] mark.kt-highlight{font-style:normal;color:#f76a0c;-webkit-box-decoration-break:clone;box-decoration-break:clone;padding-top:0px;padding-right:0px;padding-bottom:0px;padding-left:0px;}.wp-block-kadence-advancedheading.kt-adv-heading954_65b3c3-75 img.kb-inline-image, .wp-block-kadence-advancedheading.kt-adv-heading954_65b3c3-75[data-kb-block=\"kb-adv-heading954_65b3c3-75\"] img.kb-inline-image{width:150px;vertical-align:baseline;}@media all and (max-width: 1024px){.wp-block-kadence-advancedheading.kt-adv-heading954_65b3c3-75, .wp-block-kadence-advancedheading.kt-adv-heading954_65b3c3-75[data-kb-block=\"kb-adv-heading954_65b3c3-75\"]{text-align:center!important;}}<\/style>\n<h6 class=\"kt-adv-heading954_65b3c3-75 wp-block-kadence-advancedheading has-theme-palette-1-color has-text-color\" data-kb-block=\"kb-adv-heading954_65b3c3-75\">SUGGERIMENTI<\/h6>\n\n\n<style>.wp-block-kadence-advancedheading.kt-adv-heading954_21ae92-d4, .wp-block-kadence-advancedheading.kt-adv-heading954_21ae92-d4[data-kb-block=\"kb-adv-heading954_21ae92-d4\"]{margin-bottom:35px;line-height:1.3em;font-style:normal;}.wp-block-kadence-advancedheading.kt-adv-heading954_21ae92-d4 mark.kt-highlight, .wp-block-kadence-advancedheading.kt-adv-heading954_21ae92-d4[data-kb-block=\"kb-adv-heading954_21ae92-d4\"] mark.kt-highlight{font-style:normal;color:#f76a0c;-webkit-box-decoration-break:clone;box-decoration-break:clone;padding-top:0px;padding-right:0px;padding-bottom:0px;padding-left:0px;}.wp-block-kadence-advancedheading.kt-adv-heading954_21ae92-d4 img.kb-inline-image, .wp-block-kadence-advancedheading.kt-adv-heading954_21ae92-d4[data-kb-block=\"kb-adv-heading954_21ae92-d4\"] img.kb-inline-image{width:150px;vertical-align:baseline;}@media all and (max-width: 1024px){.wp-block-kadence-advancedheading.kt-adv-heading954_21ae92-d4, .wp-block-kadence-advancedheading.kt-adv-heading954_21ae92-d4[data-kb-block=\"kb-adv-heading954_21ae92-d4\"]{text-align:center!important;}}<\/style>\n<h2 class=\"kt-adv-heading954_21ae92-d4 wp-block-kadence-advancedheading\" data-kb-block=\"kb-adv-heading954_21ae92-d4\">ESCR\u00cdBENOS PARA CUALQUIER CONSULTA O DUDA. <\/h2>\n\n\n<style>.wp-block-kadence-advancedheading.kt-adv-heading954_559a13-3c, .wp-block-kadence-advancedheading.kt-adv-heading954_559a13-3c[data-kb-block=\"kb-adv-heading954_559a13-3c\"]{font-style:normal;}.wp-block-kadence-advancedheading.kt-adv-heading954_559a13-3c mark.kt-highlight, .wp-block-kadence-advancedheading.kt-adv-heading954_559a13-3c[data-kb-block=\"kb-adv-heading954_559a13-3c\"] mark.kt-highlight{font-style:normal;color:#f76a0c;-webkit-box-decoration-break:clone;box-decoration-break:clone;padding-top:0px;padding-right:0px;padding-bottom:0px;padding-left:0px;}.wp-block-kadence-advancedheading.kt-adv-heading954_559a13-3c img.kb-inline-image, .wp-block-kadence-advancedheading.kt-adv-heading954_559a13-3c[data-kb-block=\"kb-adv-heading954_559a13-3c\"] img.kb-inline-image{width:150px;vertical-align:baseline;}@media all and (max-width: 1024px){.wp-block-kadence-advancedheading.kt-adv-heading954_559a13-3c, .wp-block-kadence-advancedheading.kt-adv-heading954_559a13-3c[data-kb-block=\"kb-adv-heading954_559a13-3c\"]{text-align:center!important;}}<\/style>\n<p class=\"kt-adv-heading954_559a13-3c wp-block-kadence-advancedheading\" data-kb-block=\"kb-adv-heading954_559a13-3c\">Te responderemos lo antes posible. Desde esta zona de contacto NO admitimos reservas. Debes de reservar a trav\u00e9s de la zona de reservas o desde <a href=\"https:\/\/boccone.misterlo.com\/?page_id=1758\" data-type=\"page\" data-id=\"1758\">aqu\u00ed<\/a>. Tambi\u00e9n puedes llamarnos por tel\u00e9fono.<\/p>\n\n\n<style>.wp-block-kadence-advancedheading.kt-adv-heading954_383827-81, .wp-block-kadence-advancedheading.kt-adv-heading954_383827-81[data-kb-block=\"kb-adv-heading954_383827-81\"]{font-style:normal;}.wp-block-kadence-advancedheading.kt-adv-heading954_383827-81 mark.kt-highlight, .wp-block-kadence-advancedheading.kt-adv-heading954_383827-81[data-kb-block=\"kb-adv-heading954_383827-81\"] mark.kt-highlight{font-style:normal;color:#f76a0c;-webkit-box-decoration-break:clone;box-decoration-break:clone;padding-top:0px;padding-right:0px;padding-bottom:0px;padding-left:0px;}.wp-block-kadence-advancedheading.kt-adv-heading954_383827-81 img.kb-inline-image, .wp-block-kadence-advancedheading.kt-adv-heading954_383827-81[data-kb-block=\"kb-adv-heading954_383827-81\"] img.kb-inline-image{width:150px;vertical-align:baseline;}@media all and (max-width: 1024px){.wp-block-kadence-advancedheading.kt-adv-heading954_383827-81, .wp-block-kadence-advancedheading.kt-adv-heading954_383827-81[data-kb-block=\"kb-adv-heading954_383827-81\"]{text-align:center!important;}}<\/style>\n<p class=\"kt-adv-heading954_383827-81 wp-block-kadence-advancedheading\" data-kb-block=\"kb-adv-heading954_383827-81\"><\/p>\n<\/div><\/div>\n\n\n<style>.kadence-column954_474c03-17 > .kt-inside-inner-col{padding-top:20px;padding-right:20px;padding-bottom:20px;padding-left:20px;}.kadence-column954_474c03-17 > .kt-inside-inner-col,.kadence-column954_474c03-17 > .kt-inside-inner-col:before{border-top-left-radius:0px;border-top-right-radius:0px;border-bottom-right-radius:0px;border-bottom-left-radius:0px;}.kadence-column954_474c03-17 > .kt-inside-inner-col{column-gap:var(--global-kb-gap-sm, 1rem);}.kadence-column954_474c03-17 > .kt-inside-inner-col{flex-direction:column;}.kadence-column954_474c03-17 > .kt-inside-inner-col > .aligncenter{width:100%;}.kadence-column954_474c03-17 > .kt-inside-inner-col{background-color:#ffffff;}.kadence-column954_474c03-17 > .kt-inside-inner-col:before{opacity:0.3;}.kadence-column954_474c03-17{position:relative;}@media all and (max-width: 1024px){.kadence-column954_474c03-17 > .kt-inside-inner-col{flex-direction:column;justify-content:center;}}@media all and (max-width: 767px){.kadence-column954_474c03-17 > .kt-inside-inner-col{flex-direction:column;justify-content:center;}}<\/style>\n<div class=\"wp-block-kadence-column kadence-column954_474c03-17 kadence-column_767c64-6b\"><div class=\"kt-inside-inner-col\"><style>.kb-form input.kadence-blocks-field.verify{opacity:0.0;position:absolute;top:0.0;left:0.0;width:0.0;height:0.0;z-index:-1;}<\/style>\n<div class=\"wp-block-kadence-form kadence-form-954_e9e546-f6 kb-form-wrap\"><form class=\"kb-form\" action=\"\" method=\"post\"><div class=\"kadence-blocks-form-field kb-field-desk-width-50 kb-input-size-standard\"><input name=\"kb_field_0\" id=\"kb_field_954_e9e546-f6_0\" data-label=\"Apellidos\" type=\"text\" placeholder=\"Apellidos\" value=\"\" data-type=\"text\" class=\"kb-field kb-text-style-field kb-text-field kb-field-0\"\/><\/div><div class=\"kadence-blocks-form-field kb-form-field-1 kb-field-desk-width-50 kb-input-size-standard\"><input name=\"kb_field_1\" id=\"kb_field_954_e9e546-f6_1\" data-label=\"Nombre\" type=\"text\" placeholder=\"Nombre\" value=\"\" data-type=\"text\" class=\"kb-field kb-text-style-field kb-text-field kb-field-1\"\/><\/div><div class=\"kadence-blocks-form-field kb-form-field-2 kb-field-desk-width-100 kb-input-size-standard\"><input name=\"kb_field_2\" id=\"kb_field_954_e9e546-f6_2\" data-label=\"Email\" type=\"email\" placeholder=\"Email\" value=\"\" data-type=\"email\" class=\"kb-field kb-text-style-field kb-email-field kb-field-2\" data-required=\"yes\"\/><\/div><div class=\"kadence-blocks-form-field kb-form-field-3 kb-field-desk-width-100 kb-input-size-standard\"><input name=\"kb_field_3\" id=\"kb_field_954_e9e546-f6_3\" data-label=\"Asunto\" type=\"text\" placeholder=\"Asunto\" value=\"\" data-type=\"text\" class=\"kb-field kb-text-style-field kb-text-field kb-field-3\" data-required=\"yes\" data-required-message=\"Asunto es obligatorio\"\/><\/div><div class=\"kadence-blocks-form-field kb-form-field-4 kb-field-desk-width-100 kb-input-size-standard\"><textarea name=\"kb_field_4\" id=\"kb_field_954_e9e546-f6_4\" data-label=\"Mensaje\" type=\"textarea\" placeholder=\"Tu mensaje\" data-type=\"textarea\" class=\"kb-field kb-text-style-field kb-textarea-field kb-field-4\" rows=\"4\" data-required=\"yes\"><\/textarea><\/div><input type=\"hidden\" name=\"_kb_form_id\" value=\"954_e9e546-f6\"\/><input type=\"hidden\" name=\"_kb_form_post_id\" value=\"954\"\/><input type=\"hidden\" name=\"action\" value=\"kb_process_ajax_submit\"\/><label class=\"kadence-verify-label\">Email<input class=\"kadence-blocks-field verify\" type=\"text\" name=\"_kb_verify_email\" autocomplete=\"new-password\" aria-hidden=\"true\" placeholder=\"Email\" tabindex=\"-1\" data-1p-ignore=\"true\" data-lpignore=\"true\" \/><\/label><div class=\"kadence-blocks-form-field kb-submit-field kb-field-desk-width-100\"><button class=\"kb-forms-submit button kb-button-size-standard kb-button-width-auto\">Enviar<\/button><\/div><\/form><\/div>\n<noscript><div class=\"kadence-blocks-form-message kadence-blocks-form-warning\">Activar JavaScript en tu navegador para enviar el formulario<\/div><style>.kadence-form-954_e9e546-f6 .kadence-blocks-form-field.kb-submit-field { display: none; }<\/style><\/noscript><\/div><\/div>\n\n<\/div><\/div><\/div><\/div>\n\n<\/div><\/div>\n\n\n<iframe src=\"https:\/\/www.google.com\/maps\/embed?pb=!1m18!1m12!1m3!1d3038.4467864588073!2d-3.6895139244295487!3d40.398952056721846!2m3!1f0!2f0!3f0!3m2!1i1024!2i768!4f13.1!3m3!1m2!1s0xd42263c11b10fcb%3A0x198b9601f13b59d7!2sRestaurante%20Il%20Boccone!5e0!3m2!1ses!2ses!4v1688726091316!5m2!1ses!2ses\" width=\"1300\" height=\"450\" style=\"border:0;\" allowfullscreen=\"\" loading=\"lazy\" referrerpolicy=\"no-referrer-when-downgrade\"><\/iframe>\n","protected":false},"excerpt":{"rendered":"<p>MADRID C\/ JUAN DE MARIANA, 4 +34 91 539 13 02 info@boccone.es SUGGERIMENTI ESCR\u00cdBENOS PARA CUALQUIER CONSULTA O DUDA. Te responderemos lo antes posible. Desde esta zona de contacto NO admitimos reservas. Debes de reservar a trav\u00e9s de la zona de reservas o desde aqu\u00ed. Tambi\u00e9n puedes llamarnos por tel\u00e9fono.<\/p>\n","protected":false},"author":1,"featured_media":1211,"parent":0,"menu_order":0,"comment_status":"closed","ping_status":"closed","template":"","meta":{"_kadence_starter_templates_imported_post":true,"_kad_post_transparent":"","_kad_post_title":"","_kad_post_layout":"fullwidth","_kad_post_sidebar_id":"","_kad_post_content_style":"unboxed","_kad_post_vertical_padding":"hide","_kad_post_feature":"hide","_kad_post_feature_position":"","_kad_post_header":false,"_kad_post_footer":false,"footnotes":""},"class_list":["post-954","page","type-page","status-publish","has-post-thumbnail","hentry"],"_links":{"self":[{"href":"https:\/\/boccone.misterlo.com\/index.php?rest_route=\/wp\/v2\/pages\/954","targetHints":{"allow":["GET"]}}],"collection":[{"href":"https:\/\/boccone.misterlo.com\/index.php?rest_route=\/wp\/v2\/pages"}],"about":[{"href":"https:\/\/boccone.misterlo.com\/index.php?rest_route=\/wp\/v2\/types\/page"}],"author":[{"embeddable":true,"href":"https:\/\/boccone.misterlo.com\/index.php?rest_route=\/wp\/v2\/users\/1"}],"replies":[{"embeddable":true,"href":"https:\/\/boccone.misterlo.com\/index.php?rest_route=%2Fwp%2Fv2%2Fcomments&post=954"}],"version-history":[{"count":6,"href":"https:\/\/boccone.misterlo.com\/index.php?rest_route=\/wp\/v2\/pages\/954\/revisions"}],"predecessor-version":[{"id":1858,"href":"https:\/\/boccone.misterlo.com\/index.php?rest_route=\/wp\/v2\/pages\/954\/revisions\/1858"}],"wp:featuredmedia":[{"embeddable":true,"href":"https:\/\/boccone.misterlo.com\/index.php?rest_route=\/wp\/v2\/media\/1211"}],"wp:attachment":[{"href":"https:\/\/boccone.misterlo.com\/index.php?rest_route=%2Fwp%2Fv2%2Fmedia&parent=954"}],"curies":[{"name":"wp","href":"https:\/\/api.w.org\/{rel}","templated":true}]}}